{"id":2,"date":"2025-02-27T21:29:58","date_gmt":"2025-02-27T21:29:58","guid":{"rendered":"https:\/\/succes-mijndomein.co.nl\/?page_id=2"},"modified":"2025-04-06T17:04:11","modified_gmt":"2025-04-06T17:04:11","slug":"sample-page","status":"publish","type":"page","link":"https:\/\/succes-mijndomein.co.nl\/?page_id=2","title":{"rendered":"ADAS"},"content":{"rendered":"\n<p><strong>ADAS.&nbsp;&nbsp;<\/strong><\/p>\n\n\n\n<p><strong>13 verschillende rijhulpsystemen<\/strong><\/p>\n\n\n\n<p>Om ongelukken te voorkomen hebben autofabrikanten in de loop der jaren meerdere rijhulpsystemen ontwikkeld.&nbsp;Deze systemen zijn ontwikkeld met als doel om ongelukken te voorkomen en de bestuurder de controle over het voertuig te behouden . De rijhulp komt in verschillende vormen voor en is altijd een waardevolle toevoeging aan de auto.&nbsp;Maar welke afkorting staat voor welk rijhulpsysteem, en wat doen ze allemaal? In deze blog geeft Mooren Auto een overzicht van 13 rijhulpsystemen inclusief uitleg waar ze goed voor zijn.<\/p>\n\n\n\n<p>1. ABS<\/p>\n\n\n\n<p>Het Anti-Lock System (ABS) heet in correct Nederlands het antiblokkeersysteem. Dit systeem zorgt ervoor dat de wielen van je auto niet blokkeren bij een noodstop. ABS helpt je dus om de controle over je auto te behouden als je plotseling hard moet remmen en voorkomt daarnaast het bekende geluid van piepende banden tijdens het remmen.<\/p>\n\n\n\n<p>2. Achteruitrijcamera<\/p>\n\n\n\n<p>Een achteruitrijcamera laat precies zien wat er achter je gebeurt en schakelt automatisch in als je je auto in z\u2019n achteruit zet. Het is een grote hulp bij het inparkeren.<\/p>\n\n\n\n<p>3. ADS<\/p>\n\n\n\n<p>Adaptive Damper System (ADS), ook wel bekend als het adaptief dempingssysteem, zorgt ervoor dat de schokbrekers aangepast worden op basis van de ondergrond waarop gereden wordt. In bepaalde, meer sportieve auto\u2019s beschik je over verschillende standen, die je met een knop kan instellen. Denk hierbij aan het verschil tussen \u2018comfort\u2019 en \u2018sportief\u2019, waarbij de vering in de sportieve stand veel harder afgesteld staat.<\/p>\n\n\n\n<p>4. ASR<\/p>\n\n\n\n<p>Anti-Slip Regulation (ASR) voorkomt dat je wielen doorslaan op glad wegdek. ASR \u2018voelt\u2019 dat het wegdek niet genoeg grip biedt en zorgt er vervolgens voor dat je een stuk makkelijker grip vindt op een gladde ondergrond.&nbsp;<\/p>\n\n\n\n<p>5. Cruise Control<\/p>\n\n\n\n<p>Cruise Control stelt je auto in staat om op een vaste snelheid te blijven rijden, zonder dat je hiervoor je voet op het gaspedaal hoeft te houden. Omdat een auto met de cruise control een constante snelheid behoudt, verbruikt deze minder brandstof.<\/p>\n\n\n\n<p>6. Dodehoekdetector<\/p>\n\n\n\n<p>De dodehoekdetector geeft je een signaal als iemand zich naast je in de dode hoek begeeft. Het systeem voorkomt zodoende dat je iemand over het hoofd ziet bij het inhalen, of in druk stadsverkeer.<\/p>\n\n\n\n<p>7. EBA<\/p>\n\n\n\n<p>Emergency Brake Assist (EBA) helpt je met het maken van een noodstop. Dit systeem past extra remkracht toe bij een plotselinge stop en zorgt ervoor dat de auto maximaal afgeremd wordt in een noodsituatie. EBA staat ook bekend als Brake Assist (BA of BAS).<\/p>\n\n\n\n<p>8. EBD<\/p>\n\n\n\n<p>Electronic Brakeforce Distribution (EBD) is een onderdeel van ABS en ESP. Het systeem zorgt ervoor dat de remkracht die toegepast wordt op de verschillende wielen stabiel is. Simpel gezegd levert dit een auto op die beter en stabieler kan remmen in noodsituaties.<\/p>\n\n\n\n<p>9. ESP<\/p>\n\n\n\n<p>De afkorting ESP staat voor Electronic Stability Programme en is een belangrijk hulpmiddel in de auto. Het systeem voorkomt dat auto\u2019s slippen. Zodra de sensoren merken dat iemand de macht over het stuur verliest of dat de wielen opeens geen grip meer hebben, dan grijpt het in en zorgt het systeem ervoor dat de bestuurder de controle weer terug krijgt.<\/p>\n\n\n\n<p>10. Hill Hold<\/p>\n\n\n\n<p>Hill Start Assist (HSA). beter bekend als Hill Hold, helpt je met het wegrijden op een helling. De auto houdt de remdruk bij het wegrijden een paar tellen vast, zodat je niet langer de handrem hoeft te gebruiken en de auto niet achteruit rolt. De hellingproef is dankzij Hill Hold een koud kunstje.<\/p>\n\n\n\n<p>11. Parkeersensoren<\/p>\n\n\n\n<p>Parkeersensoren voorkomen ongelukken bij het inparkeren. Dit door signalen af te geven die een indicatie geven van hoe dicht je langs een paaltje of een andere auto rijdt. Hoe urgenter het signaal, hoe dichter je langs de obstakels gaat.<\/p>\n\n\n\n<p>12. IPAS<\/p>\n\n\n\n<p>IPAS staat voor Intelligent Parking Assist System , een systeem dat de auto automatisch laat inparkeren. De auto stuurt met behulp van dit systeem zichzelf in een beschikbare parkeerplaats door verschillende sensoren die kunnen inschatten waar de auto wel en niet past.<\/p>\n\n\n\n<p>13. Lane Assist<\/p>\n\n\n\n<p>Lane Assist, ook wel de rijstrooksensor, scant de weg en dus de rijstrepen. Dreig je over die strepen te gaan zonder je richting aan te geven, dan grijpt Lane Assist in en krijg je een signaal te horen. Lane Assist staat ook wel bekend als Lane Departure Warning of als Lane-keeping System.<\/p>\n\n\n\n<p>Al deze systemen zijn ontwikkeld om ongelukken te voorkomen, maar dat wil natuurlijk niet zeggen dat het hiermee onmogelijk is geworden om jezelf of anderen in het verkeer te bezeren. Gebruik ze dus echt als hulpmiddel en niet als vervanger voor je eigen handen<\/p>\n\n\n\n<p>&nbsp;&nbsp;S\u00dcR\u00dcC\u00dc DESTEK S\u0130STEMLER\u0130<\/p>\n\n\n\n<p>ADAS.<\/p>\n\n\n\n<p>13 farkl\u0131 s\u00fcr\u00fcc\u00fc destek sistemi<\/p>\n\n\n\n<p>Kazalar\u0131 \u00f6nlemek i\u00e7in otomobil \u00fcreticileri son y\u0131llarda \u00e7e\u015fitli s\u00fcr\u00fcc\u00fc destek sistemleri geli\u015ftirdiler. Bu sistemler kazalar\u0131 \u00f6nlemek ve s\u00fcr\u00fcc\u00fcn\u00fcn ara\u00e7 \u00fczerindeki kontrol\u00fcn\u00fc korumas\u0131na yard\u0131mc\u0131 olmak i\u00e7in tasarlanm\u0131\u015ft\u0131r. S\u00fcr\u00fc\u015f yard\u0131m\u0131 \u00e7e\u015fitli bi\u00e7imlerde gelir ve her zaman arabaya de\u011ferli bir katk\u0131d\u0131r. Peki hangi k\u0131saltma hangi s\u00fcr\u00fcc\u00fc destek sistemini ifade ediyor ve bunlar\u0131n hepsi ne i\u015fe yar\u0131yor? Mooren Auto bu blog yaz\u0131s\u0131nda 13 s\u00fcr\u00fcc\u00fc destek sistemine genel bir bak\u0131\u015f sunuyor ve bunlar\u0131n ne i\u015fe yarad\u0131klar\u0131na dair a\u00e7\u0131klamalar da sunuyor.<\/p>\n\n\n\n<p>1. ABS<\/p>\n\n\n\n<p>Anti-Lock Sistemi (ABS), Felemenk\u00e7e&#8217;de kilitlenme \u00f6nleyici fren sistemi olarak do\u011fru bir \u015fekilde adland\u0131r\u0131lmaktad\u0131r. Bu sistem, acil duru\u015flarda arac\u0131n\u0131z\u0131n tekerleklerinin kilitlenmemesini sa\u011flar. ABS, aniden sert fren yapman\u0131z gerekti\u011finde arac\u0131n\u0131z\u0131n kontrol\u00fcn\u00fc koruman\u0131za yard\u0131mc\u0131 olur ve ayr\u0131ca fren yaparken lastiklerin bilindik g\u0131c\u0131rt\u0131 sesini engeller.<\/p>\n\n\n\n<p>2. Arka g\u00f6r\u00fc\u015f kameras\u0131<\/p>\n\n\n\n<p>Geri g\u00f6r\u00fc\u015f kameras\u0131, arkan\u0131zda olup biteni tam olarak g\u00f6sterir ve arac\u0131n\u0131z\u0131 geri vitese takt\u0131\u011f\u0131n\u0131zda otomatik olarak devreye girer. Park ederken \u00e7ok b\u00fcy\u00fck kolayl\u0131k sa\u011fl\u0131yor.<\/p>\n\n\n\n<p>3. ADS&nbsp;<\/p>\n\n\n\n<p>Adaptif Amortis\u00f6r Sistemi (ADS), di\u011fer ad\u0131yla adaptif s\u00f6n\u00fcmleme sistemi, amortis\u00f6rlerin arac\u0131n s\u00fcr\u00fcld\u00fc\u011f\u00fc zemine g\u00f6re ayarlanmas\u0131n\u0131 sa\u011flar. Baz\u0131 daha sportif otomobillerde bir d\u00fc\u011fmeyle ayarlayabilece\u011finiz farkl\u0131 ayarlar\u0131n\u0131z var. Konfor ve sportif mod aras\u0131ndaki fark\u0131 d\u00fc\u015f\u00fcn\u00fcn; sportif modda s\u00fcspansiyon \u00e7ok daha sert ayarlan\u0131yor.<\/p>\n\n\n\n<p>4. ASR<\/p>\n\n\n\n<p>Kaygan yol y\u00fczeylerinde tekerleklerinizin patinaj yapmas\u0131n\u0131 engelleyen Anti-Slip Reg\u00fclasyon (ASR). ASR, yol y\u00fczeyinin yeterli tutunma sa\u011flamad\u0131\u011f\u0131n\u0131 &#8216;hisseder&#8217; ve kaygan bir y\u00fczeyde \u00e7ok daha kolay tutunman\u0131z\u0131 sa\u011flar.<\/p>\n\n\n\n<p>5. Seyir Kontrol\u00fc<\/p>\n\n\n\n<p>H\u0131z Sabitleme Sistemi, gaz pedal\u0131na basman\u0131za gerek kalmadan arac\u0131n\u0131z\u0131n sabit bir h\u0131zda seyretmesini sa\u011flar. \u00c7\u00fcnk\u00fc h\u0131z sabitleme sistemine sahip bir ara\u00e7 sabit bir h\u0131zda seyreder ve daha az yak\u0131t t\u00fcketir.<\/p>\n\n\n\n<p>6. K\u00f6r nokta dedekt\u00f6r\u00fc<\/p>\n\n\n\n<p>K\u00f6r nokta dedekt\u00f6r\u00fc, yan\u0131n\u0131zdaki birinin k\u00f6r noktan\u0131zda olmas\u0131 durumunda size sinyal verir. Sistem, b\u00f6ylece sollama yaparken veya yo\u011fun \u015fehir trafi\u011finde birini g\u00f6rmemenizin \u00f6n\u00fcne ge\u00e7iyor.<\/p>\n\n\n\n<p>7. EBA<\/p>\n\n\n\n<p>Acil Fren Deste\u011fi (EBA) acil durumlarda durman\u0131za yard\u0131mc\u0131 olur. Bu sistem, ani duru\u015flarda ekstra fren g\u00fcc\u00fc uygulayarak, acil bir durumda arac\u0131n maksimum etkiyle frenlenmesini sa\u011flar. EBA, Fren Deste\u011fi (BA veya BAS) olarak da bilinir.<\/p>\n\n\n\n<p>8. EBD<\/p>\n\n\n\n<p>Elektronik Fren Kuvveti Da\u011f\u0131t\u0131m\u0131 (EBD), ABS ve ESP&#8217;nin bir par\u00e7as\u0131d\u0131r. Sistem, farkl\u0131 tekerleklere uygulanan frenleme kuvvetinin dengeli olmas\u0131n\u0131 sa\u011flar. Basit\u00e7e s\u00f6ylemek gerekirse, bu, acil durumlarda daha iyi ve daha dengeli fren yapabilen bir ara\u00e7la sonu\u00e7lan\u0131r.<\/p>\n\n\n\n<p>9. ESP<\/p>\n\n\n\n<p>ESP k\u0131saltmas\u0131 Elektronik Denge Program\u0131 anlam\u0131na gelir ve ara\u00e7ta \u00f6nemli bir yard\u0131mc\u0131d\u0131r. Sistem, ara\u00e7lar\u0131n kaymas\u0131n\u0131 engelliyor. Sens\u00f6rler, birinin direksiyon hakimiyetini kaybetti\u011fini veya tekerleklerin aniden tutunmad\u0131\u011f\u0131n\u0131 alg\u0131lad\u0131\u011f\u0131 anda sistem devreye girerek s\u00fcr\u00fcc\u00fcn\u00fcn kontrol\u00fc yeniden sa\u011flamas\u0131n\u0131 sa\u011fl\u0131yor.<\/p>\n\n\n\n<p>10. Tepe Tutu\u015fu<\/p>\n\n\n\n<p>Yoku\u015f Kalk\u0131\u015f Deste\u011fi (HSA). Hill Hold olarak da bilinen bu \u00f6zellik, yoku\u015flarda kalk\u0131\u015f yapman\u0131za yard\u0131mc\u0131 olur. Ara\u00e7 hareket ederken birka\u00e7 saniye daha fren bas\u0131nc\u0131n\u0131 korur, b\u00f6ylece art\u0131k el frenini kullanman\u0131za gerek kalmaz ve ara\u00e7 geriye do\u011fru kaymaz. Hill Hold sayesinde e\u011fim testi \u00e7ok kolay.<\/p>\n\n\n\n<p>11. Park sens\u00f6rleri<\/p>\n\n\n\n<p>Park sens\u00f6rleri park ederken kazalar\u0131n \u00f6n\u00fcne ge\u00e7iyor. Bu, bir dire\u011fe veya ba\u015fka bir arabaya ne kadar yak\u0131n oldu\u011funuzu g\u00f6steren sinyaller g\u00f6ndererek yap\u0131l\u0131r. Sinyal ne kadar acilse, engellere o kadar yakla\u015f\u0131rs\u0131n\u0131z.<\/p>\n\n\n\n<p>12. IPA&#8217;lar<\/p>\n\n\n\n<p>IPAS, Ak\u0131ll\u0131 Park Yard\u0131m Sistemi anlam\u0131na geliyor ve arac\u0131n otomatik olarak park etmesini sa\u011flayan bir sistem. Bu sistem sayesinde ara\u00e7, \u00e7e\u015fitli sens\u00f6rler yard\u0131m\u0131yla arac\u0131n nereye s\u0131\u011fabilece\u011fini ve nereye s\u0131\u011famayaca\u011f\u0131n\u0131 tahmin ederek, m\u00fcsait park alan\u0131na do\u011fru kendi kendine y\u00f6nleniyor.<\/p>\n\n\n\n<p>13. \u015eerit Asistan\u0131<\/p>\n\n\n\n<p>\u015eerit Sens\u00f6r\u00fc olarak da bilinen \u015eerit Asistan\u0131, yolu ve dolay\u0131s\u0131yla \u015ferit \u00e7izgilerini tarar. Sinyal vermeden \u015ferit de\u011fi\u015ftirme tehlikesiyle kar\u015f\u0131 kar\u015f\u0131ya kal\u0131rsan\u0131z, \u015eerit Takip Asistan\u0131 devreye girecek ve bir sinyal duyacaks\u0131n\u0131z. \u015eerit Takip Asistan\u0131 ayn\u0131 zamanda \u015eerit Takip Uyar\u0131s\u0131 veya \u015eerit Takip Sistemi olarak da bilinir.<\/p>\n\n\n\n<p>T\u00fcm bu sistemler kazalar\u0131 \u00f6nlemek i\u00e7in geli\u015ftirilmi\u015f olsa da, bu trafikte kendinize veya ba\u015fkalar\u0131na zarar vermenin imkans\u0131z oldu\u011fu anlam\u0131na gelmiyor. O y\u00fczden onlar\u0131 ger\u00e7ekten bir ara\u00e7 olarak kullan\u0131n, kendi ellerinizin yerine ge\u00e7ecek bir \u015fey olarak de\u011fil<\/p>\n\n\n\n<p><\/p>\n\n\n\n<p><\/p>\n\n\n\n<blockquote class=\"wp-block-quote is-layout-flow wp-block-quote-is-layout-flow\">\n<p><\/p>\n<\/blockquote>\n\n\n\n<p><\/p>\n\n\n\n<blockquote class=\"wp-block-quote is-layout-flow wp-block-quote-is-layout-flow\">\n<p><\/p>\n<\/blockquote>\n\n\n\n<p><\/p>\n\n\n\n<pre class=\"wp-block-preformatted\"><\/pre>\n\n\n\n<figure class=\"wp-block-gallery has-nested-images columns-default is-cropped wp-block-gallery-1 is-layout-flex wp-block-gallery-is-layout-flex\"><\/figure>\n\n\n\n\n\n<figure class=\"wp-block-image size-large\"><img loading=\"lazy\" decoding=\"async\" width=\"760\" height=\"1024\" src=\"https:\/\/succes-mijndomein.co.nl\/wp-content\/uploads\/2025\/03\/IMG_0466-1-760x1024.jpeg\" alt=\"\" class=\"wp-image-14\" srcset=\"https:\/\/succes-mijndomein.co.nl\/wp-content\/uploads\/2025\/03\/IMG_0466-1-760x1024.jpeg 760w, https:\/\/succes-mijndomein.co.nl\/wp-content\/uploads\/2025\/03\/IMG_0466-1-223x300.jpeg 223w, https:\/\/succes-mijndomein.co.nl\/wp-content\/uploads\/2025\/03\/IMG_0466-1-768x1034.jpeg 768w, https:\/\/succes-mijndomein.co.nl\/wp-content\/uploads\/2025\/03\/IMG_0466-1.jpeg 1125w\" sizes=\"auto, (max-width: 760px) 100vw, 760px\" \/><\/figure>\n","protected":false},"excerpt":{"rendered":"<p>ADAS.&nbsp;&nbsp; 13 verschillende rijhulpsystemen Om ongelukken te voorkomen hebben autofabrikanten in de loop der jaren meerdere rijhulpsystemen ontwikkeld.&nbsp;Deze systemen zijn ontwikkeld met als doel om ongelukken te voorkomen en de bestuurder de controle over het voertuig te behouden . De rijhulp komt in verschillende vormen voor en is altijd een waardevolle toevoeging aan de auto.&nbsp;Maar [&hellip;]<\/p>\n","protected":false},"author":1,"featured_media":0,"parent":0,"menu_order":0,"comment_status":"closed","ping_status":"open","template":"","meta":{"footnotes":""},"class_list":["post-2","page","type-page","status-publish","hentry"],"post_meta_fields":{"_wp_page_template":["default"],"_edit_lock":["1743959081:4"]},"_links":{"self":[{"href":"https:\/\/succes-mijndomein.co.nl\/index.php?rest_route=\/wp\/v2\/pages\/2","targetHints":{"allow":["GET"]}}],"collection":[{"href":"https:\/\/succes-mijndomein.co.nl\/index.php?rest_route=\/wp\/v2\/pages"}],"about":[{"href":"https:\/\/succes-mijndomein.co.nl\/index.php?rest_route=\/wp\/v2\/types\/page"}],"author":[{"embeddable":true,"href":"https:\/\/succes-mijndomein.co.nl\/index.php?rest_route=\/wp\/v2\/users\/1"}],"replies":[{"embeddable":true,"href":"https:\/\/succes-mijndomein.co.nl\/index.php?rest_route=%2Fwp%2Fv2%2Fcomments&post=2"}],"version-history":[{"count":3,"href":"https:\/\/succes-mijndomein.co.nl\/index.php?rest_route=\/wp\/v2\/pages\/2\/revisions"}],"predecessor-version":[{"id":74,"href":"https:\/\/succes-mijndomein.co.nl\/index.php?rest_route=\/wp\/v2\/pages\/2\/revisions\/74"}],"wp:attachment":[{"href":"https:\/\/succes-mijndomein.co.nl\/index.php?rest_route=%2Fwp%2Fv2%2Fmedia&parent=2"}],"curies":[{"name":"wp","href":"https:\/\/api.w.org\/{rel}","templated":true}]}}