{"id":7,"date":"2025-03-02T18:33:27","date_gmt":"2025-03-02T18:33:27","guid":{"rendered":"https:\/\/succes-mijndomein.co.nl\/?page_id=7"},"modified":"2025-03-02T18:46:07","modified_gmt":"2025-03-02T18:46:07","slug":"rijsucces-keyifli-surusler","status":"publish","type":"page","link":"https:\/\/succes-mijndomein.co.nl\/?page_id=7","title":{"rendered":"Rijsucces keyifli s\u00fcr\u00fc\u015fler\u2026"},"content":{"rendered":"\n<p class=\"has-base-color has-accent-3-background-color has-text-color has-background has-link-color has-fira-code-font-family wp-elements-03e25ba449d73dc2f0a5a73af2c72eb0\">Sizde otomobilinizle keyifli bir gezinti planl\u0131yorsan\u0131z en do\u011fru i\u015fi yap\u0131yorsunuz elbette. Gelin birlikte g\u00fcvenli s\u00fcr\u00fc\u015f tekniklerine bir g\u00f6z atal\u0131m.<\/p>\n\n\n\n<p><\/p>\n\n\n\n<figure class=\"wp-block-image size-large\"><img loading=\"lazy\" decoding=\"async\" width=\"760\" height=\"1024\" src=\"https:\/\/succes-mijndomein.co.nl\/wp-content\/uploads\/2025\/03\/IMG_0466-1-760x1024.jpeg\" alt=\"\" class=\"wp-image-14\" srcset=\"https:\/\/succes-mijndomein.co.nl\/wp-content\/uploads\/2025\/03\/IMG_0466-1-760x1024.jpeg 760w, https:\/\/succes-mijndomein.co.nl\/wp-content\/uploads\/2025\/03\/IMG_0466-1-223x300.jpeg 223w, https:\/\/succes-mijndomein.co.nl\/wp-content\/uploads\/2025\/03\/IMG_0466-1-768x1034.jpeg 768w, https:\/\/succes-mijndomein.co.nl\/wp-content\/uploads\/2025\/03\/IMG_0466-1.jpeg 1125w\" sizes=\"auto, (max-width: 760px) 100vw, 760px\" \/><\/figure>\n\n\n\n<h2 class=\"wp-block-heading\"><\/h2>\n\n\n<div class=\"wp-block-calendar\"><table id=\"wp-calendar\" class=\"wp-calendar-table\">\n\t<caption>april 2026<\/caption>\n\t<thead>\n\t<tr>\n\t\t<th scope=\"col\" aria-label=\"maandag\">M<\/th>\n\t\t<th scope=\"col\" aria-label=\"dinsdag\">D<\/th>\n\t\t<th scope=\"col\" aria-label=\"woensdag\">W<\/th>\n\t\t<th scope=\"col\" aria-label=\"donderdag\">D<\/th>\n\t\t<th scope=\"col\" aria-label=\"vrijdag\">V<\/th>\n\t\t<th scope=\"col\" aria-label=\"zaterdag\">Z<\/th>\n\t\t<th scope=\"col\" aria-label=\"zondag\">Z<\/th>\n\t<\/tr>\n\t<\/thead>\n\t<tbody>\n\t<tr>\n\t\t<td colspan=\"2\" class=\"pad\">&nbsp;<\/td><td>1<\/td><td>2<\/td><td>3<\/td><td>4<\/td><td>5<\/td>\n\t<\/tr>\n\t<tr>\n\t\t<td>6<\/td><td>7<\/td><td>8<\/td><td>9<\/td><td>10<\/td><td>11<\/td><td>12<\/td>\n\t<\/tr>\n\t<tr>\n\t\t<td>13<\/td><td>14<\/td><td>15<\/td><td>16<\/td><td>17<\/td><td>18<\/td><td>19<\/td>\n\t<\/tr>\n\t<tr>\n\t\t<td>20<\/td><td>21<\/td><td>22<\/td><td>23<\/td><td id=\"today\">24<\/td><td>25<\/td><td>26<\/td>\n\t<\/tr>\n\t<tr>\n\t\t<td>27<\/td><td>28<\/td><td>29<\/td><td>30<\/td>\n\t\t<td class=\"pad\" colspan=\"3\">&nbsp;<\/td>\n\t<\/tr>\n\t<\/tbody>\n\t<\/table><nav aria-label=\"Vorige en volgende maanden\" class=\"wp-calendar-nav\">\n\t\t<span class=\"wp-calendar-nav-prev\"><a href=\"https:\/\/succes-mijndomein.co.nl\/?m=202504\">&laquo; apr<\/a><\/span>\n\t\t<span class=\"pad\">&nbsp;<\/span>\n\t\t<span class=\"wp-calendar-nav-next\">&nbsp;<\/span>\n\t<\/nav><\/div>\n\n<ul class=\"wp-block-archives-list wp-block-archives\">\t<li><a href='https:\/\/succes-mijndomein.co.nl\/?m=202504'>april 2025<\/a><\/li>\n\t<li><a href='https:\/\/succes-mijndomein.co.nl\/?m=202502'>februari 2025<\/a><\/li>\n<\/ul>\n\n\n\n<div class=\"components-placeholder\"><div class=\"notice notice-error\">Er is een fout opgetreden, wat waarschijnlijk betekent dat de feed uit de lucht is. Probeer later opnieuw.<\/div><\/div>\n\n<ul class=\"wp-block-latest-posts__list wp-block-latest-posts\"><li><a class=\"wp-block-latest-posts__post-title\" href=\"https:\/\/succes-mijndomein.co.nl\/?p=58\">G\u00fcnayd\u0131n<\/a><\/li>\n<\/ul>\n\n","protected":false},"excerpt":{"rendered":"<p>Sizde otomobilinizle keyifli bir gezinti planl\u0131yorsan\u0131z en do\u011fru i\u015fi yap\u0131yorsunuz elbette. Gelin birlikte g\u00fcvenli s\u00fcr\u00fc\u015f tekniklerine bir g\u00f6z atal\u0131m.<\/p>\n","protected":false},"author":1,"featured_media":0,"parent":0,"menu_order":0,"comment_status":"closed","ping_status":"closed","template":"","meta":{"footnotes":""},"class_list":["post-7","page","type-page","status-publish","hentry"],"post_meta_fields":{"_edit_lock":["1742242451:4"]},"_links":{"self":[{"href":"https:\/\/succes-mijndomein.co.nl\/index.php?rest_route=\/wp\/v2\/pages\/7","targetHints":{"allow":["GET"]}}],"collection":[{"href":"https:\/\/succes-mijndomein.co.nl\/index.php?rest_route=\/wp\/v2\/pages"}],"about":[{"href":"https:\/\/succes-mijndomein.co.nl\/index.php?rest_route=\/wp\/v2\/types\/page"}],"author":[{"embeddable":true,"href":"https:\/\/succes-mijndomein.co.nl\/index.php?rest_route=\/wp\/v2\/users\/1"}],"replies":[{"embeddable":true,"href":"https:\/\/succes-mijndomein.co.nl\/index.php?rest_route=%2Fwp%2Fv2%2Fcomments&post=7"}],"version-history":[{"count":4,"href":"https:\/\/succes-mijndomein.co.nl\/index.php?rest_route=\/wp\/v2\/pages\/7\/revisions"}],"predecessor-version":[{"id":31,"href":"https:\/\/succes-mijndomein.co.nl\/index.php?rest_route=\/wp\/v2\/pages\/7\/revisions\/31"}],"wp:attachment":[{"href":"https:\/\/succes-mijndomein.co.nl\/index.php?rest_route=%2Fwp%2Fv2%2Fmedia&parent=7"}],"curies":[{"name":"wp","href":"https:\/\/api.w.org\/{rel}","templated":true}]}}